{"id":10186,"date":"2022-07-14T19:28:12","date_gmt":"2022-07-14T12:28:12","guid":{"rendered":"https:\/\/digi-texx.com\/chinh-phu-va-to-chuc-phi-chinh-phu\/"},"modified":"2026-01-26T14:35:01","modified_gmt":"2026-01-26T07:35:01","slug":"chinh-phu-va-cac-to-chuc-ngos","status":"publish","type":"page","link":"https:\/\/digi-texx.com\/vi\/chinh-phu-va-cac-to-chuc-ngos\/","title":{"rendered":"Ch\u00ednh ph\u1ee7 v\u00e0 c\u00e1c t\u1ed5 ch\u1ee9c NGOs"},"content":{"rendered":"<div class=\"gb-container gb-container-4b3ebfac\"><div class=\"gb-inside-container\">\n<div class=\"gb-grid-wrapper gb-grid-wrapper-7d2dcd1c\">\n<div class=\"gb-grid-column gb-grid-column-4841d4a0\"><div class=\"gb-container gb-container-4841d4a0\"><div class=\"gb-inside-container\">\n\n<h1 class=\"gb-headline gb-headline-293e93ff gb-headline-text\"><span class=\"ez-toc-section\" id=\"CHINH_PHU_VA_CAC_TO_CHUC_PHI_CHINH_PHU\"><\/span>CH\u00cdNH PH\u1ee6 V\u00c0 C\u00c1C T\u1ed4 CH\u1ee8C PHI CH\u00cdNH PH\u1ee6<span class=\"ez-toc-section-end\"><\/span><\/h1>\n\n\n<div class=\"gb-grid-wrapper gb-grid-wrapper-66739ea3\">\n<div class=\"gb-grid-column gb-grid-column-e0cc1488\"><div class=\"gb-container gb-container-e0cc1488\"><div class=\"gb-inside-container\"><\/div><\/div><\/div>\n<\/div>\n\n\n<p class=\"gb-headline gb-headline-1a1779e3 gb-headline-text\">Ch\u00fang t\u00f4i l\u00e0 \u0111\u1ed1i t\u00e1c \u0111\u00e1ng tin c\u1eady v\u1edbi s\u1ee9 m\u1ec7nh s\u1ed1 h\u00f3a c\u00e1c quy tr\u00ecnh tr\u00ean gi\u1ea5y t\u1edd v\u00e0 gi\u1ea3i ph\u00f3ng ti\u1ec1m n\u0103ng c\u1ee7a d\u1eef li\u1ec7u.<\/p>\n\n\n<div class=\"gb-button-wrapper gb-button-wrapper-e3a02c5d\">\n\n<a class=\"gb-button gb-button-2e604d43\" href=\"https:\/\/digi-texx.com\/wp-content\/uploads\/2024\/04\/20240404_Brochure_DIGI-TEXX_2024_Final.pdf\"><span class=\"gb-button-text\">T\u1ea3i t\u00e0i li\u1ec7u<\/span><span class=\"gb-icon\"><svg xmlns=\"http:\/\/www.w3.org\/2000\/svg\" viewBox=\"0 0 16 16\" class=\"bi bi-cloud-arrow-down-fill\" fill=\"currentColor\" height=\"16\" width=\"16\">   <path d=\"M8 2a5.53 5.53 0 0 0-3.594 1.342c-.766.66-1.321 1.52-1.464 2.383C1.266 6.095 0 7.555 0 9.318 0 11.366 1.708 13 3.781 13h8.906C14.502 13 16 11.57 16 9.773c0-1.636-1.242-2.969-2.834-3.194C12.923 3.999 10.69 2 8 2zm2.354 6.854-2 2a.5.5 0 0 1-.708 0l-2-2a.5.5 0 1 1 .708-.708L7.5 9.293V5.5a.5.5 0 0 1 1 0v3.793l1.146-1.147a.5.5 0 0 1 .708.708z\"><\/path> <\/svg><\/span><\/a>\n\n<\/div>\n<\/div><\/div><\/div>\n<\/div>\n<\/div><\/div>\n\n<div class=\"gb-container gb-container-758f0baa hide-on-mobile\"><div class=\"gb-inside-container\">\n\n<div class=\"wp-block-stackable-columns stk-block-columns stk-block stk-61ecb96\" data-block-id=\"61ecb96\"><style>.stk-61ecb96{margin-bottom:0px !important}<\/style><div class=\"stk-row stk-inner-blocks stk-block-content stk-content-align stk-61ecb96-column\">\n<div class=\"wp-block-stackable-column stk-block-column stk-column stk-block stk-f8d9199\" data-v=\"4\" data-block-id=\"f8d9199\"><style>.stk-f8d9199-container{margin-top:0px !important;margin-right:0px !important;margin-bottom:0px !important;margin-left:0px !important;background-color:var(--base) !important;border-radius:0px !important;overflow:hidden !important;box-shadow:none !important;border-style:solid !important;border-color:var(--base-3) !important;border-top-width:0px !important;border-right-width:0px !important;border-bottom-width:0px !important;border-left-width:1px !important;min-height:50px !important;padding-top:20px !important;padding-bottom:20px !important}.stk-f8d9199{align-self:center !important}.stk-f8d9199-inner-blocks{justify-content:center !important}.stk-f8d9199-container:hover{background-color:color-mix(in srgb,var(--accent) 100%,transparent) !important}.stk-f8d9199-container:before{background-color:var(--base) !important}.stk-f8d9199-container:hover:before{background-color:color-mix(in srgb,var(--accent) 100%,transparent) !important}.stk-f8d9199:hover{transform:translateY(-20px) !important}<\/style><div class=\"stk-column-wrapper stk-block-column__content stk-container stk-f8d9199-container stk-hover-parent\"><div class=\"has-text-align-center stk--column-flex stk-block-content stk-inner-blocks stk-f8d9199-inner-blocks\">\n<div class=\"wp-block-stackable-text stk-block-text stk-block stk-97d6187 hide-on-tablet hide-on-mobile\" id=\"strong-strong-customized-digital-banking-toolkit-strong-strong\" data-block-id=\"97d6187\"><style>.stk-97d6187 .stk-block-text__text{font-size:18px !important;color:var(--contrast) !important;font-weight:700 !important}.stk-97d6187 .stk-block-text__text:hover{color:var(--base-3) !important}:where(.stk-hover-parent:hover,.stk-hover-parent.stk--is-hovered) .stk-97d6187 .stk-block-text__text{color:var(--base-3) !important}@media screen and (max-width:1023px){.stk-97d6187 .stk-block-text__text{font-size:18px !important}}@media screen and (max-width:767px){.stk-97d6187 .stk-block-text__text{font-size:15px !important}}<\/style><p class=\"stk-block-text__text has-text-color has-contrast-color has-text-align-center\">X\u1eec L\u00dd T\u00c0I LI\u1ec6U &amp; D\u1eee LI\u1ec6U TH\u00d4NG MINH<\/p><\/div>\n<\/div><a class=\"stk-link stk-block-link stk--transparent-overlay\" href=\"#intelligent-document-and-data-processing\" aria-hidden=\"true\" tabindex=\"-1\" rel=\"noreferrer noopener\"><\/a><\/div><\/div>\n\n\n\n<div class=\"wp-block-stackable-column stk-block-column stk-column stk-block stk-fec90f1\" data-v=\"4\" data-block-id=\"fec90f1\"><style>.stk-fec90f1-container{margin-top:0px !important;margin-right:0px !important;margin-bottom:0px !important;margin-left:0px !important;background-color:var(--base) !important;border-radius:0px !important;overflow:hidden !important;box-shadow:none !important;border-style:solid !important;border-color:var(--base-3) !important;border-top-width:0px !important;border-right-width:1px !important;border-bottom-width:0px !important;border-left-width:1px !important;min-height:50px !important;padding-top:20px !important;padding-bottom:20px !important}.stk-fec90f1{align-self:center !important}.stk-fec90f1-inner-blocks{justify-content:center !important}.stk-fec90f1-container:hover{background-color:color-mix(in srgb,var(--accent) 100%,transparent) !important}.stk-fec90f1-container:before{background-color:var(--base) !important}.stk-fec90f1-container:hover:before{background-color:color-mix(in srgb,var(--accent) 100%,transparent) !important}.stk-fec90f1:hover{transform:translateY(-20px) !important}<\/style><div class=\"stk-column-wrapper stk-block-column__content stk-container stk-fec90f1-container stk-hover-parent\"><div class=\"has-text-align-center stk--column-flex stk-block-content stk-inner-blocks stk-fec90f1-inner-blocks\">\n<div class=\"wp-block-stackable-text stk-block-text stk-block stk-3a283f9 hide-on-tablet hide-on-mobile\" id=\"strong-strong-customized-digital-banking-toolkit-strong-strong\" data-block-id=\"3a283f9\"><style>.stk-3a283f9 .stk-block-text__text{font-size:18px !important;color:var(--contrast) !important;font-weight:700 !important}.stk-3a283f9 .stk-block-text__text:hover{color:var(--base-3) !important}:where(.stk-hover-parent:hover,.stk-hover-parent.stk--is-hovered) .stk-3a283f9 .stk-block-text__text{color:var(--base-3) !important}@media screen and (max-width:1023px){.stk-3a283f9 .stk-block-text__text{font-size:18px !important}}@media screen and (max-width:767px){.stk-3a283f9 .stk-block-text__text{font-size:15px !important}}<\/style><p class=\"stk-block-text__text has-text-color has-contrast-color has-text-align-center\">GI\u1ea2I PH\u00c1P CHUY\u00caN BI\u1ec6T<\/p><\/div>\n<\/div><a class=\"stk-link stk-block-link stk--transparent-overlay\" href=\"#customized-solutions\" aria-hidden=\"true\" tabindex=\"-1\" rel=\"noreferrer noopener\"><\/a><\/div><\/div>\n<\/div><\/div>\n\n<\/div><\/div>\n\n<div class=\"gb-container gb-container-a367f5f5 sticky-bar hide-on-tablet hide-on-desktop\"><div class=\"gb-inside-container\">\n\n<meta name=\"viewport\" content=\"width=device-width, initial-scale=1\"\/>\n<style>\n.dropbtn {\n  background-color: #282828;\n  color: white;\n  padding: 16px;\n  font-size: 20px;\n  border-top: 1px solid #6e6f72;\nborder-right: none;\nborder-left: none;\nborder-bottom: none;\n  cursor: pointer;\n  margin: auto;  \n  width: 100%;\n}\n.dropbtn:hover, .dropbtn:focus {\n  background-color: #2582d7;\n}\n.dropdown {\n  position: relative;\n  display: block;\n}\n.dropdown-content {\n  display: none;\n  position: absolute;\n  background-color: #f1f1f1;\n  width: 100%;\n  overflow: auto;\n  box-shadow: 0px 8px 16px 0px rgba(0,0,0,0.2);\n  z-index: 1;\n}\n.dropdown-content a {\n  color: black;\n  padding: 12px 16px;\n  text-decoration: none;\n  display: block;\n}\n.dropdown a:hover {background-color: #d1d1d1;}\n.show {display: block;}\n<\/style>\n\n\n<div class=\"dropdown\">\n  <button onclick=\"myFunction()\" class=\"dropbtn\">&#8211; Ch\u1ecdn-<\/button>\n  <div id=\"myDropdown\" class=\"dropdown-content\">\n    <a href=\"#intelligent-document-and-data-processing\">X\u1eec L\u00dd T\u00c0I LI\u1ec6U &#038; D\u1eee LI\u1ec6U TH\u00d4NG MINH<\/a>\n    <a href=\"#customized-solutions\">GI\u1ea2I PH\u00c1P CHUY\u00caN BI\u1ec6T<\/a>\n  <\/div>\n<\/div>\n<script>\n\/* When the user clicks on the button, \ntoggle between hiding and showing the dropdown content *\/\nfunction myFunction() {\n  document.getElementById(\"myDropdown\").classList.toggle(\"show\");\n}\n\/\/ Close the dropdown if the user clicks outside of it\nwindow.onclick = function(event) {\n  if (!event.target.matches('.dropbtn')) {\n    var dropdowns = document.getElementsByClassName(\"dropdown-content\");\n    var i;\n    for (i = 0; i <dropdowns.length; i++) { var openDropdown = dropdowns[i]; if (openDropdown.classList.contains('show')) { openDropdown.classList.remove('show'); } } } } <\/script>\n\n<\/div><\/div>\n\n<div class=\"gb-container gb-container-83dfdac4\"><div class=\"gb-inside-container\">\n\n<p class=\"has-text-align-center\">H\u1ea7u h\u1ebft c\u00e1c t\u1ed5 ch\u1ee9c ch\u00ednh ph\u1ee7 v\u00e0 phi ch\u00ednh ph\u1ee7 v\u1eabn s\u1eed d\u1ee5ng c\u00e1c c\u00f4ng c\u1ee5 truy\u1ec1n th\u1ed1ng \u0111\u1ec3 qu\u1ea3n l\u00fd d\u1ef1 \u00e1n, c\u1ed9ng t\u00e1c v\u00e0 h\u1ea7u h\u1ebft c\u00e1c ho\u1ea1t \u0111\u1ed9ng d\u1ef1a tr\u00ean gi\u1ea5y t\u1edd kh\u00e1c c\u1ee7a h\u1ecd. Trong k\u1ef7 nguy\u00ean si\u00eau k\u1ebft n\u1ed1i k\u1ef9 thu\u1eadt s\u1ed1 n\u00e0y, ch\u00fang t\u00f4i mang \u0111\u1ebfn nhi\u1ec1u d\u1ecbch v\u1ee5 s\u1ed1 h\u00f3a \u0111\u1ec3 gi\u00fap c\u00e1c t\u1ed5 ch\u1ee9c chu\u1ea9n h\u00f3a v\u00e0 h\u1ee3p th\u1ee9c h\u00f3a quy tr\u00ecnh l\u00e0m vi\u1ec7c, \u0111\u1ed3ng th\u1eddi t\u1eadn d\u1ee5ng th\u00f4ng tin d\u1eef li\u1ec7u chuy\u00ean s\u00e2u \u0111\u1ec3 \u0111\u01b0a ra quy\u1ebft \u0111\u1ecbnh nhanh ch\u00f3ng. <\/p>\n\n<\/div><\/div>\n\n<div class=\"gb-container gb-container-08f41dec\" id=\"intelligent-document-and-data-processing\"><div class=\"gb-inside-container\">\n<div class=\"gb-grid-wrapper gb-grid-wrapper-e5a91a28\">\n<div class=\"gb-grid-column gb-grid-column-caa2bfd2\"><div class=\"gb-container gb-container-caa2bfd2\"><div class=\"gb-inside-container\"><\/div><\/div><\/div>\n\n<div class=\"gb-grid-column gb-grid-column-2849457a\"><div class=\"gb-container gb-container-2849457a\"><div class=\"gb-inside-container\">\n\n<h2 class=\"gb-headline gb-headline-cd1e7816 gb-headline-text\"><span class=\"ez-toc-section\" id=\"XU_LY_TAI_LIEU_DU_LIEU_THONG_MINH\"><\/span>X\u1eec L\u00dd T\u00c0I LI\u1ec6U &amp; D\u1eee LI\u1ec6U TH\u00d4NG MINH<span class=\"ez-toc-section-end\"><\/span><\/h2>\n\n\n\n<p>Ch\u00fang t\u00f4i gi\u00fap thay th\u1ebf c\u00e1c th\u1ee7 t\u1ee5c gi\u1ea5y t\u1edd b\u1eb1ng c\u00e1ch x\u00e2y d\u1ef1ng c\u00e1c gi\u1ea3i ph\u00e1p tr\u00ed tu\u1ec7 nh\u00e2n t\u1ea1o \u0111\u1ec3 tr\u00edch xu\u1ea5t d\u1eef li\u1ec7u t\u1eeb nhi\u1ec1u lo\u1ea1i t\u00e0i li\u1ec7u kh\u00e1c nhau b\u1eb1ng c\u00f4ng ngh\u1ec7 ti\u00ean ti\u1ebfn. <\/p>\n\n\n\n<p>B\u1eb1ng c\u00e1ch s\u1eed d\u1ee5ng c\u00e1c k\u1ef9 thu\u1eadt Deep Learning v\u00e0 Machine Learning \u0111\u1ec3 t\u1ef1 \u0111\u1ed9ng nh\u1eadn d\u1ea1ng v\u00e0 chuy\u1ec3n \u0111\u1ed5i c\u00e1c k\u00fd t\u1ef1 ch\u1eef s\u1ed1 in v\u00e0 vi\u1ebft tay th\u00e0nh d\u1eef li\u1ec7u c\u00f3 th\u1ec3 ch\u1ec9nh s\u1eeda. Vi\u1ec7c n\u00e0y gi\u00fap lo\u1ea1i b\u1ecf vi\u1ec7c nh\u1eadp d\u1eef li\u1ec7u th\u1ee7 c\u00f4ng v\u00e0 c\u1ea3i thi\u1ec7n hi\u1ec7u qu\u1ea3 kinh doanh.<\/p>\n\n<\/div><\/div><\/div>\n<\/div>\n\n<div class=\"gb-container gb-container-db01bf04\"><div class=\"gb-inside-container\"><\/div><\/div>\n<\/div><\/div>\n\n<div class=\"gb-container gb-container-875ae3b9\" id=\"customized-solutions\"><div class=\"gb-inside-container\">\n<div class=\"gb-grid-wrapper gb-grid-wrapper-15ca57f8\">\n<div class=\"gb-grid-column gb-grid-column-d36abf64\"><div class=\"gb-container gb-container-d36abf64\"><div class=\"gb-inside-container\">\n\n<h2 class=\"gb-headline gb-headline-1690fc8d gb-headline-text\"><span class=\"ez-toc-section\" id=\"GIAI_PHAP_CHUYEN_BIET\"><\/span>GI\u1ea2I PH\u00c1P CHUY\u00caN BI\u1ec6T<span class=\"ez-toc-section-end\"><\/span><\/h2>\n\n\n\n<h3 class=\"gb-headline gb-headline-f6446ddc gb-headline-text\"><span class=\"ez-toc-section\" id=\"HE_THONG_THANH_TRA_KY_THUAT_SO\"><\/span>H\u1ec6 TH\u1ed0NG THANH TRA K\u1ef8 THU\u1eacT S\u1ed0<span class=\"ez-toc-section-end\"><\/span><\/h3>\n\n\n\n<p>DIGI-TEXX ph\u00e1t tri\u1ec3n m\u1ed9t h\u1ec7 th\u1ed1ng tr\u00ean m\u00e1y t\u00ednh cho ph\u00e9p thanh tra vi\u00ean chuy\u1ec3n t\u1eeb l\u00e0m vi\u1ec7c tr\u00ean gi\u1ea5y t\u1edd sang l\u00e0m vi\u1ec7c tr\u00ean m\u00e1y t\u00ednh, \u0111\u1ed3ng th\u1eddi cho ph\u00e9p truy c\u1eadp \u0111\u1ec3 thu th\u1eadp d\u1eef li\u1ec7u t\u1ed1t h\u01a1n v\u00e0 l\u1eadp k\u1ebf ho\u1ea1ch c\u0169ng nh\u01b0 gi\u00e1m s\u00e1t c\u00e1c ho\u1ea1t \u0111\u1ed9ng ki\u1ec3m tra.<\/p>\n\n\n\n<p>Ti\u1ebft ki\u1ec7m th\u1eddi gian cho vi\u1ec7c thu th\u1eadp v\u00e0 x\u1eed l\u00fd d\u1eef li\u1ec7u th\u1ee7 c\u00f4ng t\u1eeb th\u1ee7 t\u1ee5c gi\u1ea5y t\u1edd v\u00e0 c\u00f3 nhi\u1ec1u th\u1eddi gian h\u01a1n \u0111\u1ec3 c\u1ea3i thi\u1ec7n quy tr\u00ecnh ki\u1ec3m tra. H\u1ec7 th\u1ed1ng l\u00e0 c\u00f4ng c\u1ee5 qu\u1ea3n l\u00fd \u0111\u1ec3 gi\u00e1m s\u00e1t vi\u1ec7c tu\u00e2n th\u1ee7, h\u1ed7 tr\u1ee3 l\u1eadp k\u1ebf ho\u1ea1ch chi\u1ebfn l\u01b0\u1ee3c, cung c\u1ea5p vi\u1ec7c ph\u00e2n t\u00edch d\u1eef li\u1ec7u, c\u0169ng nh\u01b0 c\u1ea3i thi\u1ec7n hi\u1ec7u su\u1ea5t v\u00e0 th\u00fac \u0111\u1ea9y c\u00e1c quy\u1ebft \u0111\u1ecbnh d\u1ef1a tr\u00ean d\u1eef li\u1ec7u.<\/p>\n\n<\/div><\/div><\/div>\n\n<div class=\"gb-grid-column gb-grid-column-73e19b1c\"><div class=\"gb-container gb-container-73e19b1c\"><div class=\"gb-inside-container\"><\/div><\/div><\/div>\n<\/div>\n<\/div><\/div>\n\n<div class=\"gb-container gb-container-d150d2df\"><div class=\"gb-inside-container\">\n\n<h2 class=\"gb-headline gb-headline-c17e1d82 gb-headline-text\"><span class=\"ez-toc-section\" id=\"DU_AN_TIEU_BIEU\"><\/span>D\u1ef0 \u00c1N TI\u00caU BI\u1ec2U<span class=\"ez-toc-section-end\"><\/span><\/h2>\n\n\n\n<div class=\"gb-grid-wrapper gb-grid-wrapper-d91e79d5 gb-query-loop-wrapper\">\n<div class=\"gb-grid-column gb-grid-column-673b9047 gb-query-loop-item post-22523 case-studies type-case-studies status-publish has-post-thumbnail hentry industries-bao-hiem\"><div class=\"gb-container gb-container-673b9047 box-shadow\"><div class=\"gb-inside-container\">\n<figure class=\"gb-block-image gb-block-image-cd5aa211\"><img loading=\"lazy\" decoding=\"async\" width=\"1920\" height=\"1080\" src=\"https:\/\/digi-texx.com\/wp-content\/uploads\/2024\/01\/Data-Extraction-Solution-For-Customer-Onboarding-v6.jpg\" class=\"gb-image-cd5aa211\" alt=\"Data Extraction Solution For Customer Onboarding v6\" srcset=\"https:\/\/digi-texx.com\/wp-content\/uploads\/2024\/01\/Data-Extraction-Solution-For-Customer-Onboarding-v6.jpg 1920w, https:\/\/digi-texx.com\/wp-content\/uploads\/2024\/01\/Data-Extraction-Solution-For-Customer-Onboarding-v6-300x169.jpg 300w, https:\/\/digi-texx.com\/wp-content\/uploads\/2024\/01\/Data-Extraction-Solution-For-Customer-Onboarding-v6-1024x576.jpg 1024w, https:\/\/digi-texx.com\/wp-content\/uploads\/2024\/01\/Data-Extraction-Solution-For-Customer-Onboarding-v6-768x432.jpg 768w, https:\/\/digi-texx.com\/wp-content\/uploads\/2024\/01\/Data-Extraction-Solution-For-Customer-Onboarding-v6-1536x864.jpg 1536w\" sizes=\"auto, (max-width: 1920px) 100vw, 1920px\" title=\"\"><\/figure>\n\n<div class=\"gb-container gb-container-e471757f\"><div class=\"gb-inside-container\">\n<h2 class=\"gb-headline gb-headline-addac1c4 gb-headline-text\"><span class=\"ez-toc-section\" id=\"Giai_phap_Trich_Xuat_Du_Lieu_Tu_Dong_Ho_Tro_Quy_Trinh_Onboarding_Khach_Hang_Truc_Tuyen\"><\/span><a href=\"https:\/\/digi-texx.com\/vi\/case-studies\/giai-phap-trich-xuat-du-lieu-tu-dong-ho-tro-quy-trinh-onboarding-khach-hang-truc-tuyen\/\">Gi\u1ea3i ph\u00e1p Tr\u00edch Xu\u1ea5t D\u1eef Li\u1ec7u T\u1ef1 \u0110\u1ed9ng H\u1ed7 Tr\u1ee3 Quy Tr\u00ecnh Onboarding Kh\u00e1ch H\u00e0ng Tr\u1ef1c Tuy\u1ebfn<\/a><span class=\"ez-toc-section-end\"><\/span><\/h2>\n\n<div class=\"gb-headline gb-headline-6497f09f gb-headline-text\">Kh\u00e1ch h\u00e0ng c\u1ee7a ch\u00fang t\u00f4i l\u00e0 c\u00f4ng ty d\u1ecbch v\u1ee5 t\u00e0i ch\u00ednh v\u00e0 b\u1ea3o hi\u1ec3m qu\u1ed1c t\u1ebf h\u00e0ng \u0111\u1ea7u v\u1edbi h\u01a1n 1,5 tri\u1ec7u kh\u00e1ch h\u00e0ng \u0111ang ho\u1ea1t \u0111\u1ed9ng t\u1ea1i Ch\u00e2u \u00c1, Canada v\u00e0 Hoa K\u1ef3. <\/div>\n<\/div><\/div>\n<\/div><\/div><\/div>\n\n<div class=\"gb-grid-column gb-grid-column-673b9047 gb-query-loop-item post-14049 case-studies type-case-studies status-publish has-post-thumbnail hentry industries-bao-hiem\"><div class=\"gb-container gb-container-673b9047 box-shadow\"><div class=\"gb-inside-container\">\n<figure class=\"gb-block-image gb-block-image-cd5aa211\"><img loading=\"lazy\" decoding=\"async\" width=\"1920\" height=\"1080\" src=\"https:\/\/digi-texx.com\/wp-content\/uploads\/2023\/06\/INTELLIGENT-DOCUMENT-SCANNING-2-1.jpg\" class=\"gb-image-cd5aa211\" alt=\"INTELLIGENT DOCUMENT SCANNING 2\" srcset=\"https:\/\/digi-texx.com\/wp-content\/uploads\/2023\/06\/INTELLIGENT-DOCUMENT-SCANNING-2-1.jpg 1920w, https:\/\/digi-texx.com\/wp-content\/uploads\/2023\/06\/INTELLIGENT-DOCUMENT-SCANNING-2-1-300x169.jpg 300w, https:\/\/digi-texx.com\/wp-content\/uploads\/2023\/06\/INTELLIGENT-DOCUMENT-SCANNING-2-1-1024x576.jpg 1024w, https:\/\/digi-texx.com\/wp-content\/uploads\/2023\/06\/INTELLIGENT-DOCUMENT-SCANNING-2-1-768x432.jpg 768w, https:\/\/digi-texx.com\/wp-content\/uploads\/2023\/06\/INTELLIGENT-DOCUMENT-SCANNING-2-1-1536x864.jpg 1536w\" sizes=\"auto, (max-width: 1920px) 100vw, 1920px\" title=\"\"><\/figure>\n\n<div class=\"gb-container gb-container-e471757f\"><div class=\"gb-inside-container\">\n<h2 class=\"gb-headline gb-headline-addac1c4 gb-headline-text\"><span class=\"ez-toc-section\" id=\"Giai_phap_quet_tai_lieu_thong_minh\"><\/span><a href=\"https:\/\/digi-texx.com\/vi\/case-studies\/giai-phap-quet-tai-lieu-thong-minh\/\">Gi\u1ea3i ph\u00e1p qu\u00e9t t\u00e0i li\u1ec7u th\u00f4ng minh<\/a><span class=\"ez-toc-section-end\"><\/span><\/h2>\n\n<div class=\"gb-headline gb-headline-6497f09f gb-headline-text\">Gi\u1ea3i ph\u00e1p qu\u00e9t t\u00e0i li\u1ec7u th\u00f4ng minh \u0111\u01b0\u1ee3c thi\u1ebft k\u1ebf cho ph\u00f2ng ch\u0103m s\u00f3c kh\u00e1ch h\u00e0ng t\u1ea1i c\u00e1c chi nh\u00e1nh \u0111\u1ec3 x\u1eed l\u00fd t\u00e0i li\u1ec7u v\u00e0 ph\u00e1t hi\u1ec7n c\u00e1c lo\u1ea1i t\u00e0i li\u1ec7u ph\u00f9 h\u1ee3p,...<\/div>\n<\/div><\/div>\n<\/div><\/div><\/div>\n\n<div class=\"gb-grid-column gb-grid-column-673b9047 gb-query-loop-item post-11192 case-studies type-case-studies status-publish has-post-thumbnail hentry industries-bao-hiem\"><div class=\"gb-container gb-container-673b9047 box-shadow\"><div class=\"gb-inside-container\">\n<figure class=\"gb-block-image gb-block-image-cd5aa211\"><img loading=\"lazy\" decoding=\"async\" width=\"1920\" height=\"1080\" src=\"https:\/\/digi-texx.com\/wp-content\/uploads\/2022\/07\/01A.-Straight-Through-Process-for-Customer-Onboarding_v2.jpg\" class=\"gb-image-cd5aa211\" alt=\"c\" srcset=\"https:\/\/digi-texx.com\/wp-content\/uploads\/2022\/07\/01A.-Straight-Through-Process-for-Customer-Onboarding_v2.jpg 1920w, https:\/\/digi-texx.com\/wp-content\/uploads\/2022\/07\/01A.-Straight-Through-Process-for-Customer-Onboarding_v2-300x169.jpg 300w, https:\/\/digi-texx.com\/wp-content\/uploads\/2022\/07\/01A.-Straight-Through-Process-for-Customer-Onboarding_v2-1024x576.jpg 1024w, https:\/\/digi-texx.com\/wp-content\/uploads\/2022\/07\/01A.-Straight-Through-Process-for-Customer-Onboarding_v2-768x432.jpg 768w, https:\/\/digi-texx.com\/wp-content\/uploads\/2022\/07\/01A.-Straight-Through-Process-for-Customer-Onboarding_v2-1536x864.jpg 1536w\" sizes=\"auto, (max-width: 1920px) 100vw, 1920px\" title=\"\"><\/figure>\n\n<div class=\"gb-container gb-container-e471757f\"><div class=\"gb-inside-container\">\n<h2 class=\"gb-headline gb-headline-addac1c4 gb-headline-text\"><span class=\"ez-toc-section\" id=\"Tu_Dong_Hoa_Quy_Trinh_Tiep_Nhan_Khach_Hang\"><\/span><a href=\"https:\/\/digi-texx.com\/vi\/case-studies\/tu-dong-hoa-quy-trinh-tiep-nhan-khach-hang\/\">T\u1ef1 \u0110\u1ed9ng H\u00f3a Quy Tr\u00ecnh Ti\u1ebfp Nh\u1eadn Kh\u00e1ch H\u00e0ng<\/a><span class=\"ez-toc-section-end\"><\/span><\/h2>\n\n<div class=\"gb-headline gb-headline-6497f09f gb-headline-text\">M\u1ed9t gi\u1ea3i ph\u00e1p t\u1ef1 \u0111\u1ed9ng gi\u00fap lo\u1ea1i b\u1ecf ho\u00e0n to\u00e0n c\u1ea7n c\u00e1c t\u00e1c v\u1ee5 th\u1ee7 c\u00f4ng nh\u1eb1m th\u00fac \u0111\u1ea9y hi\u1ec7u qu\u1ea3 quy tr\u00ecnh v\u1eadn h\u00e0nh.<\/div>\n<\/div><\/div>\n<\/div><\/div><\/div>\n<\/div>\n\n\n<h2 class=\"gb-headline gb-headline-94cb1cd3 gb-headline-text\"><span class=\"ez-toc-section\" id=\"CAC_NGANH_CONG_NGHIEP_KHAC\"><\/span>C\u00c1C NG\u00c0NH C\u00d4NG NGHI\u1ec6P KH\u00c1C<span class=\"ez-toc-section-end\"><\/span><\/h2>\n\n\n\n<div class=\"gb-container gb-container-470216ba\"><div class=\"gb-inside-container\">\n<div class=\"gb-grid-wrapper gb-grid-wrapper-dde93259\">\n<div class=\"gb-grid-column gb-grid-column-fd596c69\"><div class=\"gb-container gb-container-fd596c69\"><div class=\"gb-inside-container\">\n<div class=\"gb-button-wrapper gb-button-wrapper-f5eeb547\">\n\n<a class=\"gb-button gb-button-fd6c0e68\" href=\"https:\/\/digi-texx.com\/vi\/thuong-mai-dien-tu\/\" target=\"_blank\" rel=\"noopener noreferrer\"><span class=\"gb-icon\"><svg xmlns=\"http:\/\/www.w3.org\/2000\/svg\" viewBox=\"0 0 16 16\" class=\"bi bi-square-fill\" fill=\"currentColor\" height=\"16\" width=\"16\">   <path d=\"M0 2a2 2 0 0 1 2-2h12a2 2 0 0 1 2 2v12a2 2 0 0 1-2 2H2a2 2 0 0 1-2-2V2z\"><\/path> <\/svg><\/span><span class=\"gb-button-text\">TH\u01af\u01a0NG M\u1ea0I \u0110I\u1ec6N T\u1eec<\/span><\/a>\n\n<\/div>\n<\/div><\/div><\/div>\n\n<div class=\"gb-grid-column gb-grid-column-6f46fe56\"><div class=\"gb-container gb-container-6f46fe56\"><div class=\"gb-inside-container\">\n<div class=\"gb-button-wrapper gb-button-wrapper-ed2d164b\">\n\n<a class=\"gb-button gb-button-7fd6b884\" href=\"https:\/\/digi-texx.com\/vi\/bao-hiem\/\" target=\"_blank\" rel=\"noopener noreferrer\"><span class=\"gb-icon\"><svg xmlns=\"http:\/\/www.w3.org\/2000\/svg\" viewBox=\"0 0 16 16\" class=\"bi bi-square-fill\" fill=\"currentColor\" height=\"16\" width=\"16\">   <path d=\"M0 2a2 2 0 0 1 2-2h12a2 2 0 0 1 2 2v12a2 2 0 0 1-2 2H2a2 2 0 0 1-2-2V2z\"><\/path> <\/svg><\/span><span class=\"gb-button-text\">B\u1ea2O HI\u1ec2M<\/span><\/a>\n\n<\/div>\n<\/div><\/div><\/div>\n\n<div class=\"gb-grid-column gb-grid-column-bcee2111\"><div class=\"gb-container gb-container-bcee2111\"><div class=\"gb-inside-container\">\n<div class=\"gb-button-wrapper gb-button-wrapper-9ecbb83b\">\n\n<a class=\"gb-button gb-button-c7fcb949\" href=\"https:\/\/digi-texx.com\/vi\/ngan-hang\/\" target=\"_blank\" rel=\"noopener noreferrer\"><span class=\"gb-icon\"><svg xmlns=\"http:\/\/www.w3.org\/2000\/svg\" viewBox=\"0 0 16 16\" class=\"bi bi-square-fill\" fill=\"currentColor\" height=\"16\" width=\"16\">   <path d=\"M0 2a2 2 0 0 1 2-2h12a2 2 0 0 1 2 2v12a2 2 0 0 1-2 2H2a2 2 0 0 1-2-2V2z\"><\/path> <\/svg><\/span><span class=\"gb-button-text\">NG\u00c2N H\u00c0NG<\/span><\/a>\n\n<\/div>\n<\/div><\/div><\/div>\n\n<div class=\"gb-grid-column gb-grid-column-92058032\"><div class=\"gb-container gb-container-92058032\"><div class=\"gb-inside-container\">\n<div class=\"gb-button-wrapper gb-button-wrapper-76132535\">\n\n<a class=\"gb-button gb-button-16dac72e\" href=\"https:\/\/digi-texx.com\/vi\/so-hoa-va-luu-tru-tai-lieu-lich-su\/\" target=\"_blank\" rel=\"noopener noreferrer\"><span class=\"gb-icon\"><svg xmlns=\"http:\/\/www.w3.org\/2000\/svg\" viewBox=\"0 0 16 16\" class=\"bi bi-square-fill\" fill=\"currentColor\" height=\"16\" width=\"16\">   <path d=\"M0 2a2 2 0 0 1 2-2h12a2 2 0 0 1 2 2v12a2 2 0 0 1-2 2H2a2 2 0 0 1-2-2V2z\"><\/path> <\/svg><\/span><span class=\"gb-button-text\">S\u1ed0 H\u00d3A V\u00c0 L\u01afU TR\u1eee T\u00c0I LI\u1ec6U L\u1ecaCH S\u1eec<\/span><\/a>\n\n<\/div>\n<\/div><\/div><\/div>\n<\/div>\n<\/div><\/div>\n<\/div><\/div>","protected":false},"excerpt":{"rendered":"<p>X\u1eec L\u00dd T\u00c0I LI\u1ec6U &amp; D\u1eee LI\u1ec6U TH\u00d4NG MINH GI\u1ea2I PH\u00c1P CHUY\u00caN BI\u1ec6T &#8211; Ch\u1ecdn- X\u1eec L\u00dd T\u00c0I LI\u1ec6U &#038; D\u1eee LI\u1ec6U TH\u00d4NG MINH GI\u1ea2I &#8230; <\/p>\n<p class=\"read-more-container\"><a title=\"Ch\u00ednh ph\u1ee7 v\u00e0 c\u00e1c t\u1ed5 ch\u1ee9c NGOs\" class=\"read-more button\" href=\"https:\/\/digi-texx.com\/vi\/chinh-phu-va-cac-to-chuc-ngos\/#more-10186\" aria-label=\"Read more about Ch\u00ednh ph\u1ee7 v\u00e0 c\u00e1c t\u1ed5 ch\u1ee9c NGOs\">Read More<\/a><\/p>\n","protected":false},"author":3,"featured_media":21306,"parent":0,"menu_order":0,"comment_status":"closed","ping_status":"closed","template":"","meta":{"_acf_changed":false,"footnotes":""},"class_list":["post-10186","page","type-page","status-publish","has-post-thumbnail"],"acf":[],"_links":{"self":[{"href":"https:\/\/digi-texx.com\/vi\/wp-json\/wp\/v2\/pages\/10186","targetHints":{"allow":["GET"]}}],"collection":[{"href":"https:\/\/digi-texx.com\/vi\/wp-json\/wp\/v2\/pages"}],"about":[{"href":"https:\/\/digi-texx.com\/vi\/wp-json\/wp\/v2\/types\/page"}],"author":[{"embeddable":true,"href":"https:\/\/digi-texx.com\/vi\/wp-json\/wp\/v2\/users\/3"}],"replies":[{"embeddable":true,"href":"https:\/\/digi-texx.com\/vi\/wp-json\/wp\/v2\/comments?post=10186"}],"version-history":[{"count":1,"href":"https:\/\/digi-texx.com\/vi\/wp-json\/wp\/v2\/pages\/10186\/revisions"}],"predecessor-version":[{"id":36862,"href":"https:\/\/digi-texx.com\/vi\/wp-json\/wp\/v2\/pages\/10186\/revisions\/36862"}],"wp:featuredmedia":[{"embeddable":true,"href":"https:\/\/digi-texx.com\/vi\/wp-json\/wp\/v2\/media\/21306"}],"wp:attachment":[{"href":"https:\/\/digi-texx.com\/vi\/wp-json\/wp\/v2\/media?parent=10186"}],"curies":[{"name":"wp","href":"https:\/\/api.w.org\/{rel}","templated":true}]}}